{"id":21383,"date":"2025-02-14T13:08:17","date_gmt":"2025-02-14T11:08:17","guid":{"rendered":"https:\/\/www.teixitsbascompte.com\/?post_type=product&#038;p=21383"},"modified":"2025-02-14T13:09:47","modified_gmt":"2025-02-14T11:09:47","slug":"outdoor-waterproof-beig","status":"publish","type":"product","link":"https:\/\/www.teixitsbascompte.com\/es\/producte\/outdoor-waterproof-beig\/","title":{"rendered":"OUTDOOR WATERPROOF BEIG"},"content":{"rendered":"","protected":false},"excerpt":{"rendered":"<p><strong>DESCRIPCI\u00d3N:<\/strong> Perfectos para vivir al aire libre, estos tejidos est\u00e1n disponibles en muchos colores s\u00f3lidos y mixtos. Esto les hace ideales para crear el ambiente perfecto para cualquier jard\u00edn, patio, yate o spa. Los tejidos se pueden utilizar para tapicer\u00edas, almohadas, sombrillas y revestimientos de ventanas y tienen una alta impermeabilidad y solidez del color. Pero tambi\u00e9n piense en una gabardina o en una bolsa con un lienzo impreso impermeable.<\/p>\n<p>&nbsp;<\/p>\n<p><strong>MEDIDAS:<\/strong><\/p>\n<ul>\n<li>Longitud: 50cm<\/li>\n<\/ul>\n<p>&nbsp;<\/p>\n<p><strong>IMPORTANTE:<\/strong><\/p>\n<ul>\n<li>Las telas se venden con tramos de 50cm.<\/li>\n<li>El precio del producto es por una unidad de los tama\u00f1os indicados en la parte superior.<\/li>\n<li>Si se pide m\u00e1s de una unidad, se servir\u00e1 en una sola pieza.<\/li>\n<li>El color del producto puede diferir de lo que se ve en la fotograf\u00eda.<\/li>\n<li>Algunos productos tienen un tir\u00f3n limitado, lo que nos puede provocar a veces un problema en su suministro. Si es el caso y el pedido ya est\u00e1 hecho nos pondremos en contacto con usted para solucionarlo.<\/li>\n<\/ul>\n<p> <a class=\"continue\" href=\"https:\/\/www.teixitsbascompte.com\/es\/producte\/outdoor-waterproof-beig\/\">CONTINUAR >><span> OUTDOOR WATERPROOF BEIG<\/span><\/a><\/p>\n","protected":false},"featured_media":21367,"comment_status":"closed","ping_status":"closed","template":"","meta":[],"product_brand":[],"product_cat":[88],"product_tag":[],"class_list":{"0":"post-21383","1":"product","2":"type-product","3":"status-publish","4":"has-post-thumbnail","6":"product_cat-laminados-pizarra-vinilos-corcho","8":"first","9":"instock","10":"taxable","11":"shipping-taxable","12":"purchasable","13":"product-type-simple"},"_links":{"self":[{"href":"https:\/\/www.teixitsbascompte.com\/es\/wp-json\/wp\/v2\/product\/21383","targetHints":{"allow":["GET"]}}],"collection":[{"href":"https:\/\/www.teixitsbascompte.com\/es\/wp-json\/wp\/v2\/product"}],"about":[{"href":"https:\/\/www.teixitsbascompte.com\/es\/wp-json\/wp\/v2\/types\/product"}],"replies":[{"embeddable":true,"href":"https:\/\/www.teixitsbascompte.com\/es\/wp-json\/wp\/v2\/comments?post=21383"}],"wp:featuredmedia":[{"embeddable":true,"href":"https:\/\/www.teixitsbascompte.com\/es\/wp-json\/wp\/v2\/media\/21367"}],"wp:attachment":[{"href":"https:\/\/www.teixitsbascompte.com\/es\/wp-json\/wp\/v2\/media?parent=21383"}],"wp:term":[{"taxonomy":"product_brand","embeddable":true,"href":"https:\/\/www.teixitsbascompte.com\/es\/wp-json\/wp\/v2\/product_brand?post=21383"},{"taxonomy":"product_cat","embeddable":true,"href":"https:\/\/www.teixitsbascompte.com\/es\/wp-json\/wp\/v2\/product_cat?post=21383"},{"taxonomy":"product_tag","embeddable":true,"href":"https:\/\/www.teixitsbascompte.com\/es\/wp-json\/wp\/v2\/product_tag?post=21383"}],"curies":[{"name":"wp","href":"https:\/\/api.w.org\/{rel}","templated":true}]}}