{"id":20939,"date":"2024-12-24T12:21:55","date_gmt":"2024-12-24T10:21:55","guid":{"rendered":"https:\/\/www.teixitsbascompte.com\/?post_type=product&#038;p=20939"},"modified":"2025-02-04T20:32:10","modified_gmt":"2025-02-04T18:32:10","slug":"blister-snaps-30-unidades-verde-menta-b19","status":"publish","type":"product","link":"https:\/\/www.teixitsbascompte.com\/es\/producte\/blister-snaps-30-unidades-verde-menta-b19\/","title":{"rendered":"BLISTER SNAPS 30 UNIDADES VERDE MENTA B19"},"content":{"rendered":"","protected":false},"excerpt":{"rendered":"<p><strong>DESCRIPCI\u00d3N:<\/strong> bl\u00edster de 30 unidades de snaps de pl\u00e1stico. El bl\u00edster puede variar seg\u00fan fabricante.<\/p>\n<p>&nbsp;<\/p>\n<p><strong>IMPORTANTE:<\/strong><\/p>\n<ul>\n<li>El precio del producto es por una unidad de los tama\u00f1os indicados en la parte superior.<\/li>\n<li>El color del producto puede diferir de lo que se ve en la fotograf\u00eda.<\/li>\n<li>Algunos productos tienen un tir\u00f3n limitado, lo que nos puede provocar a veces un problema en su suministro. Si es el caso y el pedido ya est\u00e1 hecho nos pondremos en contacto con usted para solucionarlo.<\/li>\n<\/ul>\n<p> <a class=\"continue\" href=\"https:\/\/www.teixitsbascompte.com\/es\/producte\/blister-snaps-30-unidades-verde-menta-b19\/\">CONTINUAR >><span> BLISTER SNAPS 30 UNIDADES VERDE MENTA B19<\/span><\/a><\/p>\n","protected":false},"featured_media":664,"comment_status":"closed","ping_status":"closed","template":"","meta":[],"product_brand":[],"product_cat":[81],"product_tag":[],"class_list":{"0":"post-20939","1":"product","2":"type-product","3":"status-publish","4":"has-post-thumbnail","6":"product_cat-snaps-es","8":"first","9":"instock","10":"taxable","11":"shipping-taxable","12":"purchasable","13":"product-type-simple"},"_links":{"self":[{"href":"https:\/\/www.teixitsbascompte.com\/es\/wp-json\/wp\/v2\/product\/20939","targetHints":{"allow":["GET"]}}],"collection":[{"href":"https:\/\/www.teixitsbascompte.com\/es\/wp-json\/wp\/v2\/product"}],"about":[{"href":"https:\/\/www.teixitsbascompte.com\/es\/wp-json\/wp\/v2\/types\/product"}],"replies":[{"embeddable":true,"href":"https:\/\/www.teixitsbascompte.com\/es\/wp-json\/wp\/v2\/comments?post=20939"}],"wp:featuredmedia":[{"embeddable":true,"href":"https:\/\/www.teixitsbascompte.com\/es\/wp-json\/wp\/v2\/media\/664"}],"wp:attachment":[{"href":"https:\/\/www.teixitsbascompte.com\/es\/wp-json\/wp\/v2\/media?parent=20939"}],"wp:term":[{"taxonomy":"product_brand","embeddable":true,"href":"https:\/\/www.teixitsbascompte.com\/es\/wp-json\/wp\/v2\/product_brand?post=20939"},{"taxonomy":"product_cat","embeddable":true,"href":"https:\/\/www.teixitsbascompte.com\/es\/wp-json\/wp\/v2\/product_cat?post=20939"},{"taxonomy":"product_tag","embeddable":true,"href":"https:\/\/www.teixitsbascompte.com\/es\/wp-json\/wp\/v2\/product_tag?post=20939"}],"curies":[{"name":"wp","href":"https:\/\/api.w.org\/{rel}","templated":true}]}}