{"id":20791,"date":"2024-12-24T12:26:06","date_gmt":"2024-12-24T10:26:06","guid":{"rendered":"https:\/\/www.teixitsbascompte.com\/?post_type=product&#038;p=20791"},"modified":"2025-02-04T17:56:56","modified_gmt":"2025-02-04T15:56:56","slug":"cinta-de-algodon-color-marron-saco","status":"publish","type":"product","link":"https:\/\/www.teixitsbascompte.com\/es\/producte\/cinta-de-algodon-color-marron-saco\/","title":{"rendered":"CINTA DE ALGOD\u00d3N COLOR MARR\u00d3N SACO"},"content":{"rendered":"","protected":false},"excerpt":{"rendered":"<p><strong>DESCRIPCI\u00d3:<\/strong> cinta de cot\u00f3 de 3cm.<\/p>\n<p>&nbsp;<\/p>\n<p><strong>MIDES:<\/strong><\/p>\n<ul>\n<li>Llargada: 100cm.<\/li>\n<\/ul>\n<p>&nbsp;<\/p>\n<p><strong>IMPORTANT:<\/strong><\/p>\n<ul>\n<li>Les cintes de cot\u00f3 es venen en trams de 100cm.<\/li>\n<li>El preu del producte \u00e9s per una unitat de les mides indicades a la part superior.<\/li>\n<li>El color del producte pot diferir del que es veu a la fotografia.<\/li>\n<li>Alguns productes tenen una tirada limitada, la qual cosa ens pot provocar a vegades un problema en el seu subministrament. Si \u00e9s el cas i la comanda ja est\u00e0 feta ens posarem en contacte amb vosaltres per solucionar-ho.<\/li>\n<\/ul>\n<p> <a class=\"continue\" href=\"https:\/\/www.teixitsbascompte.com\/es\/producte\/cinta-de-algodon-color-marron-saco\/\">CONTINUAR >><span> CINTA DE ALGOD\u00d3N COLOR MARR\u00d3N SACO<\/span><\/a><\/p>\n","protected":false},"featured_media":1682,"comment_status":"closed","ping_status":"closed","template":"","meta":[],"product_brand":[],"product_cat":[73],"product_tag":[],"class_list":{"0":"post-20791","1":"product","2":"type-product","3":"status-publish","4":"has-post-thumbnail","6":"product_cat-cintas-de-algodon-de-3mm","8":"first","9":"instock","10":"taxable","11":"shipping-taxable","12":"purchasable","13":"product-type-simple"},"_links":{"self":[{"href":"https:\/\/www.teixitsbascompte.com\/es\/wp-json\/wp\/v2\/product\/20791","targetHints":{"allow":["GET"]}}],"collection":[{"href":"https:\/\/www.teixitsbascompte.com\/es\/wp-json\/wp\/v2\/product"}],"about":[{"href":"https:\/\/www.teixitsbascompte.com\/es\/wp-json\/wp\/v2\/types\/product"}],"replies":[{"embeddable":true,"href":"https:\/\/www.teixitsbascompte.com\/es\/wp-json\/wp\/v2\/comments?post=20791"}],"wp:featuredmedia":[{"embeddable":true,"href":"https:\/\/www.teixitsbascompte.com\/es\/wp-json\/wp\/v2\/media\/1682"}],"wp:attachment":[{"href":"https:\/\/www.teixitsbascompte.com\/es\/wp-json\/wp\/v2\/media?parent=20791"}],"wp:term":[{"taxonomy":"product_brand","embeddable":true,"href":"https:\/\/www.teixitsbascompte.com\/es\/wp-json\/wp\/v2\/product_brand?post=20791"},{"taxonomy":"product_cat","embeddable":true,"href":"https:\/\/www.teixitsbascompte.com\/es\/wp-json\/wp\/v2\/product_cat?post=20791"},{"taxonomy":"product_tag","embeddable":true,"href":"https:\/\/www.teixitsbascompte.com\/es\/wp-json\/wp\/v2\/product_tag?post=20791"}],"curies":[{"name":"wp","href":"https:\/\/api.w.org\/{rel}","templated":true}]}}