{"id":20725,"date":"2024-12-24T12:24:48","date_gmt":"2024-12-24T10:24:48","guid":{"rendered":"https:\/\/www.teixitsbascompte.com\/?post_type=product&#038;p=20725"},"modified":"2026-01-18T11:37:53","modified_gmt":"2026-01-18T09:37:53","slug":"elna-444-recubridora","status":"publish","type":"product","link":"https:\/\/www.teixitsbascompte.com\/es\/producte\/elna-444-recubridora\/","title":{"rendered":"ELNA EASYCOVER  RECUBRIDORA"},"content":{"rendered":"","protected":false},"excerpt":{"rendered":"<p><strong>DESCRIPCI\u00d3N:<\/strong><br \/>\nM\u00e1quina profesional.<\/p>\n<p><strong>CARACTER\u00cdSTICAS:<\/strong><\/p>\n<ul>\n<li>Brazo libre de 3 agujas y 4 hilos con hilo recubridor inferior.<\/li>\n<li>Ancho costura 3 y 6 mm y longitud patada 1-4mm.<\/li>\n<li>Las recubridoras permiten tener repuntes rectos por delante y un remazado que sujeta la tela por el rev\u00e9s.<\/li>\n<li>Combinaci\u00f3n de m\u00e1quina industrial y dom\u00e9stica.<\/li>\n<li>Una m\u00e1quina recubridora con la perfecci\u00f3n y el resultado industrial. 1.000 p.p.m.<\/li>\n<\/ul>\n<p> <a class=\"continue\" href=\"https:\/\/www.teixitsbascompte.com\/es\/producte\/elna-444-recubridora\/\">CONTINUAR >><span> ELNA EASYCOVER  RECUBRIDORA<\/span><\/a><\/p>\n","protected":false},"featured_media":25224,"comment_status":"closed","ping_status":"closed","template":"","meta":[],"product_brand":[],"product_cat":[69],"product_tag":[],"class_list":{"0":"post-20725","1":"product","2":"type-product","3":"status-publish","4":"has-post-thumbnail","6":"product_cat-maquinas-de-coser","8":"first","9":"instock","10":"taxable","11":"shipping-taxable","12":"purchasable","13":"product-type-simple"},"_links":{"self":[{"href":"https:\/\/www.teixitsbascompte.com\/es\/wp-json\/wp\/v2\/product\/20725","targetHints":{"allow":["GET"]}}],"collection":[{"href":"https:\/\/www.teixitsbascompte.com\/es\/wp-json\/wp\/v2\/product"}],"about":[{"href":"https:\/\/www.teixitsbascompte.com\/es\/wp-json\/wp\/v2\/types\/product"}],"replies":[{"embeddable":true,"href":"https:\/\/www.teixitsbascompte.com\/es\/wp-json\/wp\/v2\/comments?post=20725"}],"wp:featuredmedia":[{"embeddable":true,"href":"https:\/\/www.teixitsbascompte.com\/es\/wp-json\/wp\/v2\/media\/25224"}],"wp:attachment":[{"href":"https:\/\/www.teixitsbascompte.com\/es\/wp-json\/wp\/v2\/media?parent=20725"}],"wp:term":[{"taxonomy":"product_brand","embeddable":true,"href":"https:\/\/www.teixitsbascompte.com\/es\/wp-json\/wp\/v2\/product_brand?post=20725"},{"taxonomy":"product_cat","embeddable":true,"href":"https:\/\/www.teixitsbascompte.com\/es\/wp-json\/wp\/v2\/product_cat?post=20725"},{"taxonomy":"product_tag","embeddable":true,"href":"https:\/\/www.teixitsbascompte.com\/es\/wp-json\/wp\/v2\/product_tag?post=20725"}],"curies":[{"name":"wp","href":"https:\/\/api.w.org\/{rel}","templated":true}]}}