{"id":20699,"date":"2024-12-24T12:27:06","date_gmt":"2024-12-24T10:27:06","guid":{"rendered":"https:\/\/www.teixitsbascompte.com\/?post_type=product&#038;p=20699"},"modified":"2025-02-04T16:20:53","modified_gmt":"2025-02-04T14:20:53","slug":"brother-reemalladora-overlock-2104d","status":"publish","type":"product","link":"https:\/\/www.teixitsbascompte.com\/es\/producte\/brother-reemalladora-overlock-2104d\/","title":{"rendered":"BROTHER REEMALLADORA-OVERLOCK 2104D"},"content":{"rendered":"","protected":false},"excerpt":{"rendered":"<p><strong>CARACTER\u00cdSTICAS:\u00a0<\/strong><\/p>\n<ul>\n<li>M\u00e1quina de sobremesa con motor incorporado.<\/li>\n<li>Pedal autom\u00e1tico para la regulaci\u00f3n de la velocidad.<\/li>\n<li>Luz LED incorporada.<\/li>\n<li>Nuevo sistema de ancla m\u00f3vil para facilitar el subido de la m\u00e1quina.<\/li>\n<li>Utiliza 3 o 4 hilos, seg\u00fan el tipo de patada que queramos hacer.<\/li>\n<li>Ajuste del largo y ancho de remojamiento.<\/li>\n<li>Largo de la patada 5.0-7.0mm<\/li>\n<li>Ajuste de diferencial para poder compensar tejidos el\u00e1sticos y r\u00edgidos, evitando o creando fruncidos seg\u00fan necesidades.<\/li>\n<li>Hoja curva escamoteable para cortar seg\u00fan nuestras necesidades.<\/li>\n<li>Muy sencilla de subir con gu\u00eda de hilos por colores.<\/li>\n<li>Utilizaci\u00f3n de agujas est\u00e1ndar.<\/li>\n<li>DVD de instrucciones.<\/li>\n<li>Medidas 30x30x28cm.<\/li>\n<\/ul>\n<p> <a class=\"continue\" href=\"https:\/\/www.teixitsbascompte.com\/es\/producte\/brother-reemalladora-overlock-2104d\/\">CONTINUAR >><span> BROTHER REEMALLADORA-OVERLOCK 2104D<\/span><\/a><\/p>\n","protected":false},"featured_media":2062,"comment_status":"closed","ping_status":"closed","template":"","meta":[],"product_brand":[],"product_cat":[69],"product_tag":[],"class_list":{"0":"post-20699","1":"product","2":"type-product","3":"status-publish","4":"has-post-thumbnail","6":"product_cat-maquinas-de-coser","8":"first","9":"instock","10":"taxable","11":"shipping-taxable","12":"purchasable","13":"product-type-simple"},"_links":{"self":[{"href":"https:\/\/www.teixitsbascompte.com\/es\/wp-json\/wp\/v2\/product\/20699","targetHints":{"allow":["GET"]}}],"collection":[{"href":"https:\/\/www.teixitsbascompte.com\/es\/wp-json\/wp\/v2\/product"}],"about":[{"href":"https:\/\/www.teixitsbascompte.com\/es\/wp-json\/wp\/v2\/types\/product"}],"replies":[{"embeddable":true,"href":"https:\/\/www.teixitsbascompte.com\/es\/wp-json\/wp\/v2\/comments?post=20699"}],"wp:featuredmedia":[{"embeddable":true,"href":"https:\/\/www.teixitsbascompte.com\/es\/wp-json\/wp\/v2\/media\/2062"}],"wp:attachment":[{"href":"https:\/\/www.teixitsbascompte.com\/es\/wp-json\/wp\/v2\/media?parent=20699"}],"wp:term":[{"taxonomy":"product_brand","embeddable":true,"href":"https:\/\/www.teixitsbascompte.com\/es\/wp-json\/wp\/v2\/product_brand?post=20699"},{"taxonomy":"product_cat","embeddable":true,"href":"https:\/\/www.teixitsbascompte.com\/es\/wp-json\/wp\/v2\/product_cat?post=20699"},{"taxonomy":"product_tag","embeddable":true,"href":"https:\/\/www.teixitsbascompte.com\/es\/wp-json\/wp\/v2\/product_tag?post=20699"}],"curies":[{"name":"wp","href":"https:\/\/api.w.org\/{rel}","templated":true}]}}