{"id":20689,"date":"2024-12-24T12:20:26","date_gmt":"2024-12-24T10:20:26","guid":{"rendered":"https:\/\/www.teixitsbascompte.com\/?post_type=product&#038;p=20689"},"modified":"2025-02-12T23:00:30","modified_gmt":"2025-02-12T21:00:30","slug":"soluvlies","status":"publish","type":"product","link":"https:\/\/www.teixitsbascompte.com\/es\/producte\/soluvlies\/","title":{"rendered":"SOLUVLIES"},"content":{"rendered":"","protected":false},"excerpt":{"rendered":"<p><strong>DESCRIPCI\u00d3:<\/strong> \u00e9s un teixit que es dissol amb aigua (fins i tot amb aigua t\u00e8bia) per a tot tipus de brodat a m\u00e0quina i per a t\u00e8cniques de patchwork.<\/p>\n<p>&nbsp;<\/p>\n<p><strong>MIDES:<\/strong><\/p>\n<ul>\n<li>Amplada: 90cm<\/li>\n<li>Llargada: 100cm<\/li>\n<\/ul>\n<p>&nbsp;<\/p>\n<p><strong>IMPORTANT:<\/strong><\/p>\n<ul>\n<li>Les teles es venen amb trams de 100cm.<\/li>\n<li>El preu del producte \u00e9s per una unitat de les mides indicades a la part superior.<\/li>\n<li>Si es demana m\u00e9s d\u2019una unitat, es servir\u00e0 en una sola pe\u00e7a.<\/li>\n<li>El color del producte pot diferir del que es veu a la fotografia.<\/li>\n<li>Alguns productes tenen una tirada limitada, la qual cosa ens pot provocar a vegades un problema en el seu subministrament. Si \u00e9s el cas i la comanda ja est\u00e0 feta ens posarem en contacte amb vosaltres per solucionar-ho.<\/li>\n<\/ul>\n<p> <a class=\"continue\" href=\"https:\/\/www.teixitsbascompte.com\/es\/producte\/soluvlies\/\">CONTINUAR >><span> SOLUVLIES<\/span><\/a><\/p>\n","protected":false},"featured_media":311,"comment_status":"closed","ping_status":"closed","template":"","meta":[],"product_brand":[],"product_cat":[66],"product_tag":[],"class_list":{"0":"post-20689","1":"product","2":"type-product","3":"status-publish","4":"has-post-thumbnail","6":"product_cat-boatas-fliselinas-entretelas","8":"first","9":"instock","10":"taxable","11":"shipping-taxable","12":"purchasable","13":"product-type-simple"},"_links":{"self":[{"href":"https:\/\/www.teixitsbascompte.com\/es\/wp-json\/wp\/v2\/product\/20689","targetHints":{"allow":["GET"]}}],"collection":[{"href":"https:\/\/www.teixitsbascompte.com\/es\/wp-json\/wp\/v2\/product"}],"about":[{"href":"https:\/\/www.teixitsbascompte.com\/es\/wp-json\/wp\/v2\/types\/product"}],"replies":[{"embeddable":true,"href":"https:\/\/www.teixitsbascompte.com\/es\/wp-json\/wp\/v2\/comments?post=20689"}],"wp:featuredmedia":[{"embeddable":true,"href":"https:\/\/www.teixitsbascompte.com\/es\/wp-json\/wp\/v2\/media\/311"}],"wp:attachment":[{"href":"https:\/\/www.teixitsbascompte.com\/es\/wp-json\/wp\/v2\/media?parent=20689"}],"wp:term":[{"taxonomy":"product_brand","embeddable":true,"href":"https:\/\/www.teixitsbascompte.com\/es\/wp-json\/wp\/v2\/product_brand?post=20689"},{"taxonomy":"product_cat","embeddable":true,"href":"https:\/\/www.teixitsbascompte.com\/es\/wp-json\/wp\/v2\/product_cat?post=20689"},{"taxonomy":"product_tag","embeddable":true,"href":"https:\/\/www.teixitsbascompte.com\/es\/wp-json\/wp\/v2\/product_tag?post=20689"}],"curies":[{"name":"wp","href":"https:\/\/api.w.org\/{rel}","templated":true}]}}