{"id":20536,"date":"2024-12-24T12:07:06","date_gmt":"2024-12-24T10:07:06","guid":{"rendered":"https:\/\/www.teixitsbascompte.com\/?page_id=20536"},"modified":"2025-02-07T10:08:00","modified_gmt":"2025-02-07T08:08:00","slug":"cesta","status":"publish","type":"page","link":"https:\/\/www.teixitsbascompte.com\/es\/cesta\/","title":{"rendered":"Cesta"},"content":{"rendered":"<div class=\"wpb-content-wrapper\"><p>[vc_row css_animation=\u00bb\u00bb row_type=\u00bbrow\u00bb use_row_as_full_screen_section=\u00bbno\u00bb type=\u00bbgrid\u00bb angled_section=\u00bbno\u00bb text_align=\u00bbleft\u00bb background_image_as_pattern=\u00bbwithout_pattern\u00bb z_index=\u00bb\u00bb padding_bottom=\u00bb25&#8243; css=\u00bb.vc_custom_1737991206568{margin-top: -25px !important;}\u00bb][vc_column][vc_row_inner row_type=\u00bbrow\u00bb type=\u00bbfull_width\u00bb text_align=\u00bbleft\u00bb css_animation=\u00bb\u00bb][vc_column_inner offset=\u00bbvc_hidden-lg vc_hidden-md vc_hidden-sm\u00bb][vc_empty_space height=\u00bb100&#8243;][\/vc_column_inner][\/vc_row_inner][vc_column_text css=\u00bb\u00bb]<\/p>\r\n<h2>Art\u00edculos actualmente en tu cesta<\/h2>\r\n<p>[\/vc_column_text][vc_separator type=\u00bbsmall\u00bb position=\u00bbleft\u00bb color=\u00bb#C71034&#8243; thickness=\u00bb4&#8243; width=\u00bb50&#8243; up=\u00bb5&#8243; down=\u00bb25&#8243;][vc_column_text css=\u00bb\u00bb]<\/p>\r\n<p>Revisa los art\u00edculos de la cesta y pulsa el bot\u00f3n <a href=\"\/fin\u00edzala-compra\/\"><strong>IR A CAJA<\/strong><\/a> para entrar tus datos y finalizar la pedido.<\/p>\r\n<p>&nbsp;<\/p>\r\n<p>Para cualquier duda sobre tu compra, ponte en contacto con nosotros a trav\u00e9s del formulario de <a href=\"\/contacto\"><strong>CONTACTO<\/strong><\/a> o en el tel\u00e9fono <strong>93 886 21 04<\/strong> \u00a1y te ayudaremos!<\/p>\r\n<p>[\/vc_column_text][\/vc_column][\/vc_row][vc_row css_animation=\u00bb\u00bb row_type=\u00bbrow\u00bb use_row_as_full_screen_section=\u00bbno\u00bb type=\u00bbgrid\u00bb angled_section=\u00bbno\u00bb text_align=\u00bbleft\u00bb background_image_as_pattern=\u00bbwithout_pattern\u00bb z_index=\u00bb\u00bb padding_bottom=\u00bb75&#8243;][vc_column]<a  itemprop=\"url\" href=\"\/es\/tienda\/\" target=\"_self\"  class=\"qbutton  default\" style=\"\">SEGUIR COMPRANDO<\/a>[vc_empty_space height=\u00bb10&#8243;]<a  itemprop=\"url\" href=\"\/es\/finaliza-la-compra\/\" target=\"_self\"  class=\"qbutton  default\" style=\"\">IR A CAJA<\/a>[\/vc_column][\/vc_row][vc_row css_animation=\u00bb\u00bb row_type=\u00bbrow\u00bb use_row_as_full_screen_section=\u00bbno\u00bb type=\u00bbgrid\u00bb angled_section=\u00bbno\u00bb text_align=\u00bbleft\u00bb background_image_as_pattern=\u00bbwithout_pattern\u00bb z_index=\u00bb\u00bb][vc_column][vc_column_text css=\u00bb\u00bb]<\/p>\r\n<div data-block-name=\"woocommerce\/cart\" class=\"wp-block-woocommerce-cart alignwide is-loading\">\r\n<div data-block-name=\"woocommerce\/filled-cart-block\" class=\"wp-block-woocommerce-filled-cart-block\">\r\n<div data-block-name=\"woocommerce\/cart-items-block\" class=\"wp-block-woocommerce-cart-items-block\">\r\n<div data-block-name=\"woocommerce\/cart-line-items-block\" class=\"wp-block-woocommerce-cart-line-items-block\">\u00a0<\/div>\r\n\r\n\r\n\r\n<div data-block-name=\"woocommerce\/cart-cross-sells-block\" class=\"wp-block-woocommerce-cart-cross-sells-block\">\r\n<h2 class=\"wp-block-heading has-large-font-size\">Os puede interesar\u2026<\/h2>\r\n\r\n\r\n\r\n<div data-block-name=\"woocommerce\/cart-cross-sells-products-block\" class=\"wp-block-woocommerce-cart-cross-sells-products-block\">\u00a0<\/div>\r\n<p><\/p>\r\n<\/div>\r\n<p><\/p>\r\n<\/div>\r\n\r\n\r\n\r\n<div data-block-name=\"woocommerce\/cart-totals-block\" class=\"wp-block-woocommerce-cart-totals-block\">\r\n<div data-block-name=\"woocommerce\/cart-order-summary-block\" class=\"wp-block-woocommerce-cart-order-summary-block\">\r\n<div data-block-name=\"woocommerce\/cart-order-summary-heading-block\" class=\"wp-block-woocommerce-cart-order-summary-heading-block\">\u00a0<\/div>\r\n\r\n\r\n\r\n<div data-block-name=\"woocommerce\/cart-order-summary-coupon-form-block\" class=\"wp-block-woocommerce-cart-order-summary-coupon-form-block\">\u00a0<\/div>\r\n\r\n\r\n\r\n\r\n\r\n\r\n\r\n\r\n\r\n\r\n\r\n\r\n\r\n\r\n\r\n\r\n\r\n\r\n\r\n<div data-block-name=\"woocommerce\/cart-order-summary-totals-block\" class=\"wp-block-woocommerce-cart-order-summary-totals-block\">\n<div data-block-name=\"woocommerce\/cart-order-summary-subtotal-block\" class=\"wp-block-woocommerce-cart-order-summary-subtotal-block\">\u00a0<\/div>\n<div data-block-name=\"woocommerce\/cart-order-summary-discount-block\" class=\"wp-block-woocommerce-cart-order-summary-discount-block\">\u00a0<\/div>\n<div data-block-name=\"woocommerce\/cart-order-summary-fee-block\" class=\"wp-block-woocommerce-cart-order-summary-fee-block\">\u00a0<\/div>\n<div data-block-name=\"woocommerce\/cart-order-summary-shipping-block\" class=\"wp-block-woocommerce-cart-order-summary-shipping-block\">\u00a0<\/div>\n<div data-block-name=\"woocommerce\/cart-order-summary-taxes-block\" class=\"wp-block-woocommerce-cart-order-summary-taxes-block\">\u00a0<\/div><\/div>\r\n<p><\/p>\r\n<\/div>\r\n\r\n\r\n\r\n<div data-block-name=\"woocommerce\/cart-express-payment-block\" class=\"wp-block-woocommerce-cart-express-payment-block\">\u00a0<\/div>\r\n\r\n\r\n\r\n<div data-block-name=\"woocommerce\/proceed-to-checkout-block\" class=\"wp-block-woocommerce-proceed-to-checkout-block\">\u00a0<\/div>\r\n\r\n\r\n\r\n<div data-block-name=\"woocommerce\/cart-accepted-payment-methods-block\" class=\"wp-block-woocommerce-cart-accepted-payment-methods-block\">\u00a0<\/div>\r\n<p><\/p>\r\n<\/div>\r\n<p><\/p>\r\n<\/div>\r\n\r\n\r\n\r\n<div data-block-name=\"woocommerce\/empty-cart-block\" class=\"wp-block-woocommerce-empty-cart-block\">\r\n<h2 class=\"wp-block-heading has-text-align-center with-empty-cart-icon wc-block-cart__empty-cart__title\">\u00a1La cesta est\u00e1 vac\u00eda actualmente!<\/h2>\r\n\r\n\r\n<hr class=\"wp-block-separator has-alpha-channel-opacity is-style-dots\" \/><\/div>\r\n<\/div>\r\n<p>[\/vc_column_text][\/vc_column][\/vc_row][vc_row css_animation=\u00bb\u00bb row_type=\u00bbrow\u00bb use_row_as_full_screen_section=\u00bbno\u00bb type=\u00bbfull_width\u00bb angled_section=\u00bbno\u00bb text_align=\u00bbleft\u00bb background_image_as_pattern=\u00bbwithout_pattern\u00bb z_index=\u00bb\u00bb padding_top=\u00bb50&#8243;][vc_column][vc_separator type=\u00bbnormal\u00bb color=\u00bb#01062A\u00bb thickness=\u00bb1&#8243;][\/vc_column][\/vc_row][vc_row css_animation=\u00bb\u00bb row_type=\u00bbrow\u00bb use_row_as_full_screen_section=\u00bbno\u00bb type=\u00bbgrid\u00bb angled_section=\u00bbno\u00bb text_align=\u00bbcenter\u00bb background_image_as_pattern=\u00bbwithout_pattern\u00bb z_index=\u00bb\u00bb padding_top=\u00bb50&#8243; padding_bottom=\u00bb50&#8243;][vc_column width=\u00bb1\/5&#8243;][vc_single_image image=\u00bb19787&#8243; img_size=\u00bb75&#215;75&#8243; alignment=\u00bbcenter\u00bb onclick=\u00bbcustom_link\u00bb css=\u00bb\u00bb qode_css_animation=\u00bb\u00bb link=\u00bb\/es\/tienda-en-linia\/telas\/\u00bb][vc_empty_space height=\u00bb20&#8243;]<div class=\"custom_font_holder \" style=\"font-family: Cookie; font-style: normal; font-weight: 300; color: #01062A; text-decoration: none; text-align: center; --qode-cf-font-size: 60px; --qode-cf-line-height: 66px; --qode-cf-font-size-1440: 60px; --qode-cf-line-height-1440: 66px; --qode-cf-font-size-1366: 60px; --qode-cf-line-height-1366: 66px; --qode-cf-font-size-1280: 60px; --qode-cf-line-height-1280: 66px; --qode-cf-font-size-1024: 60px; --qode-cf-line-height-1024: 66px; --qode-cf-font-size-768: 60px; --qode-cf-line-height-768: 66px; --qode-cf-font-size-680: 60px; --qode-cf-line-height-680: 66px; --qode-cf-font-size-480: 60px; --qode-cf-line-height-480: 66px;\">\r\n<p>Telas<\/p>\r\n<\/div>[vc_separator type=\u00bbsmall\u00bb position=\u00bbcenter\u00bb color=\u00bb#C71034&#8243; thickness=\u00bb4&#8243; width=\u00bb50&#8243; up=\u00bb-10&#8243; down=\u00bb25&#8243;][vc_column_text css=\u00bb\u00bb]<\/p>\r\n<p>Arpillera, banderas, fieltros, laminados, lonetas, Mesh, Mesh 3D, pana, polar, Minky, coralina, ruso, punto camiseta liso, cuadros Vichy, telas de patchwork, Waffel Pique&#8230;<\/p>\r\n<p>[\/vc_column_text][vc_empty_space height=\u00bb25&#8243;]<a  itemprop=\"url\" href=\"\/es\/tienda-en-linia\/telas\/\" target=\"_self\"  class=\"qbutton  default\" style=\"\">EXPLORA LAS TELAS<\/a>[vc_row_inner row_type=\u00bbrow\u00bb type=\u00bbfull_width\u00bb text_align=\u00bbleft\u00bb css_animation=\u00bb\u00bb][vc_column_inner offset=\u00bbvc_hidden-lg vc_hidden-md vc_hidden-sm\u00bb][vc_separator type=\u00bbnormal\u00bb color=\u00bb#01062A\u00bb thickness=\u00bb1&#8243; up=\u00bb40&#8243; down=\u00bb40&#8243;][\/vc_column_inner][\/vc_row_inner][\/vc_column][vc_column width=\u00bb1\/5&#8243;][vc_single_image image=\u00bb19793&#8243; img_size=\u00bb75&#215;75&#8243; alignment=\u00bbcenter\u00bb onclick=\u00bbcustom_link\u00bb css=\u00bb\u00bb qode_css_animation=\u00bb\u00bb link=\u00bb\/es\/tienda-en-linia\/boatas-y-entretelas\/\u00bb][vc_empty_space height=\u00bb20&#8243;]<div class=\"custom_font_holder \" style=\"font-family: Cookie; font-style: normal; font-weight: 300; color: #01062A; text-decoration: none; text-align: center; --qode-cf-font-size: 60px; --qode-cf-line-height: 66px; --qode-cf-font-size-1440: 60px; --qode-cf-line-height-1440: 66px; --qode-cf-font-size-1366: 60px; --qode-cf-line-height-1366: 66px; --qode-cf-font-size-1280: 60px; --qode-cf-line-height-1280: 66px; --qode-cf-font-size-1024: 60px; --qode-cf-line-height-1024: 66px; --qode-cf-font-size-768: 60px; --qode-cf-line-height-768: 66px; --qode-cf-font-size-680: 60px; --qode-cf-line-height-680: 66px; --qode-cf-font-size-480: 60px; --qode-cf-line-height-480: 66px;\">\r\n<p>Boatas<\/p>\r\n<\/div>[vc_separator type=\u00bbsmall\u00bb position=\u00bbcenter\u00bb color=\u00bb#C71034&#8243; thickness=\u00bb4&#8243; width=\u00bb50&#8243; up=\u00bb-10&#8243; down=\u00bb25&#8243;][vc_column_text css=\u00bb\u00bb]<\/p>\r\n<p>Boatas de algod\u00f3n y bamb\u00fa, boatas acr\u00edlicas, boatina, Bunfix, Decovil, entretelas, estabilizador, fliselinas, Freeser Paper, Ideas Stiff&amp;Fuse Havy, Isotermo, Soluvlies&#8230;<\/p>\r\n<p>[\/vc_column_text][vc_empty_space height=\u00bb25&#8243;]<a  itemprop=\"url\" href=\"\/es\/tienda-en-linia\/boatas-y-entretelas\/\" target=\"_self\"  class=\"qbutton  default\" style=\"\">EXPLORA LAS BOATAS<\/a>[vc_row_inner row_type=\u00bbrow\u00bb type=\u00bbfull_width\u00bb text_align=\u00bbleft\u00bb css_animation=\u00bb\u00bb][vc_column_inner offset=\u00bbvc_hidden-lg vc_hidden-md vc_hidden-sm\u00bb][vc_separator type=\u00bbnormal\u00bb color=\u00bb#01062A\u00bb thickness=\u00bb1&#8243; up=\u00bb40&#8243; down=\u00bb40&#8243;][\/vc_column_inner][\/vc_row_inner][\/vc_column][vc_column width=\u00bb1\/5&#8243;][vc_single_image image=\u00bb19813&#8243; img_size=\u00bb75&#215;75&#8243; alignment=\u00bbcenter\u00bb onclick=\u00bbcustom_link\u00bb css=\u00bb\u00bb qode_css_animation=\u00bb\u00bb link=\u00bb\/es\/tienda-en-linia\/kits\/\u00bb][vc_empty_space height=\u00bb20&#8243;]<div class=\"custom_font_holder \" style=\"font-family: Cookie; font-style: normal; font-weight: 300; color: #01062A; text-decoration: none; text-align: center; --qode-cf-font-size: 60px; --qode-cf-line-height: 66px; --qode-cf-font-size-1440: 60px; --qode-cf-line-height-1440: 66px; --qode-cf-font-size-1366: 60px; --qode-cf-line-height-1366: 66px; --qode-cf-font-size-1280: 60px; --qode-cf-line-height-1280: 66px; --qode-cf-font-size-1024: 60px; --qode-cf-line-height-1024: 66px; --qode-cf-font-size-768: 60px; --qode-cf-line-height-768: 66px; --qode-cf-font-size-680: 60px; --qode-cf-line-height-680: 66px; --qode-cf-font-size-480: 60px; --qode-cf-line-height-480: 66px;\">Kits<\/div>[vc_separator type=\u00bbsmall\u00bb position=\u00bbcenter\u00bb color=\u00bb#C71034&#8243; thickness=\u00bb4&#8243; width=\u00bb50&#8243; up=\u00bb-10&#8243; down=\u00bb25&#8243;][vc_column_text css=\u00bb\u00bb]<\/p>\r\n<p>Bolsas de viaje, bandoleras, mochilas, monederos, fundas para el m\u00f3vil, caseta tipo, coronas de cumplea\u00f1os, neceseres para medicamentos, neceseres de viaje&#8230;<\/p>\r\n<p>[\/vc_column_text][vc_empty_space height=\u00bb25&#8243;]<a  itemprop=\"url\" href=\"\/es\/tienda-en-linia\/kits\/\" target=\"_self\"  class=\"qbutton  default\" style=\"\">EXPLORA LOS KITS<\/a>[vc_row_inner row_type=\u00bbrow\u00bb type=\u00bbfull_width\u00bb text_align=\u00bbleft\u00bb css_animation=\u00bb\u00bb][vc_column_inner offset=\u00bbvc_hidden-lg vc_hidden-md vc_hidden-sm\u00bb][vc_separator type=\u00bbnormal\u00bb color=\u00bb#01062A\u00bb thickness=\u00bb1&#8243; up=\u00bb40&#8243; down=\u00bb40&#8243;][\/vc_column_inner][\/vc_row_inner][\/vc_column][vc_column width=\u00bb1\/5&#8243;][vc_single_image image=\u00bb19817&#8243; img_size=\u00bb75&#215;75&#8243; alignment=\u00bbcenter\u00bb onclick=\u00bbcustom_link\u00bb css=\u00bb\u00bb qode_css_animation=\u00bb\u00bb link=\u00bb\/es\/tienda-en-linia\/meceria\/\u00bb][vc_empty_space height=\u00bb20&#8243;]<div class=\"custom_font_holder \" style=\"font-family: Cookie; font-style: normal; font-weight: 300; color: #01062A; text-decoration: none; text-align: center; --qode-cf-font-size: 60px; --qode-cf-line-height: 66px; --qode-cf-font-size-1440: 60px; --qode-cf-line-height-1440: 66px; --qode-cf-font-size-1366: 60px; --qode-cf-line-height-1366: 66px; --qode-cf-font-size-1280: 60px; --qode-cf-line-height-1280: 66px; --qode-cf-font-size-1024: 60px; --qode-cf-line-height-1024: 66px; --qode-cf-font-size-768: 60px; --qode-cf-line-height-768: 66px; --qode-cf-font-size-680: 60px; --qode-cf-line-height-680: 66px; --qode-cf-font-size-480: 60px; --qode-cf-line-height-480: 66px;\">\r\n<p>Mercer\u00eda<\/p>\r\n<\/div>[vc_separator type=\u00bbsmall\u00bb position=\u00bbcenter\u00bb color=\u00bb#C71034&#8243; thickness=\u00bb4&#8243; width=\u00bb50&#8243; up=\u00bb-10&#8243; down=\u00bb25&#8243;][vc_column_text css=\u00bb\u00bb]<\/p>\r\n<p>Accesorios, bies, cintas de algod\u00f3n, cord\u00f3n, cremalleras de malla, hilos, gomas, piezas de metal y de pl\u00e1stico para bolsas, snaps, velcro, agujas, tijeras, marcadores&#8230;<\/p>\r\n<p>[\/vc_column_text][vc_empty_space height=\u00bb25&#8243;]<a  itemprop=\"url\" href=\"\/es\/tienda-en-linia\/meceria\/\" target=\"_self\"  class=\"qbutton  default\" style=\"\">EXPLORA LA MERCERIA<\/a>[vc_row_inner row_type=\u00bbrow\u00bb type=\u00bbfull_width\u00bb text_align=\u00bbleft\u00bb css_animation=\u00bb\u00bb][vc_column_inner offset=\u00bbvc_hidden-lg vc_hidden-md vc_hidden-sm\u00bb][vc_separator type=\u00bbnormal\u00bb color=\u00bb#01062A\u00bb thickness=\u00bb1&#8243; up=\u00bb40&#8243; down=\u00bb40&#8243;][\/vc_column_inner][\/vc_row_inner][\/vc_column][vc_column width=\u00bb1\/5&#8243;][vc_single_image image=\u00bb19820&#8243; img_size=\u00bb75&#215;75&#8243; alignment=\u00bbcenter\u00bb onclick=\u00bbcustom_link\u00bb css=\u00bb\u00bb qode_css_animation=\u00bb\u00bb link=\u00bb\/es\/tienda-en-linia\/maquinas-de-coser\/\u00bb][vc_empty_space height=\u00bb20&#8243;]<div class=\"custom_font_holder \" style=\"font-family: Cookie; font-style: normal; font-weight: 300; color: #01062A; text-decoration: none; text-align: center; --qode-cf-font-size: 60px; --qode-cf-line-height: 66px; --qode-cf-font-size-1440: 60px; --qode-cf-line-height-1440: 66px; --qode-cf-font-size-1366: 60px; --qode-cf-line-height-1366: 66px; --qode-cf-font-size-1280: 60px; --qode-cf-line-height-1280: 66px; --qode-cf-font-size-1024: 60px; --qode-cf-line-height-1024: 66px; --qode-cf-font-size-768: 60px; --qode-cf-line-height-768: 66px; --qode-cf-font-size-680: 60px; --qode-cf-line-height-680: 66px; --qode-cf-font-size-480: 60px; --qode-cf-line-height-480: 66px;\">\r\n<p>M\u00e1quinas<\/p>\r\n<\/div>[vc_separator type=\u00bbsmall\u00bb position=\u00bbcenter\u00bb color=\u00bb#C71034&#8243; thickness=\u00bb4&#8243; width=\u00bb50&#8243; up=\u00bb-10&#8243; down=\u00bb25&#8243;][vc_column_text css=\u00bb\u00bb]<\/p>\r\n<p>M\u00e1quinas de coser, overlocks y recubridoras de diferentes marcas, modelos y precios para todos los bolsillos y niveles de experiencia: Brother, Elna, Kuki, Necchy&#8230;<\/p>\r\n<p>[\/vc_column_text][vc_empty_space height=\u00bb25&#8243;]<a  itemprop=\"url\" href=\"\/es\/tienda-en-linia\/maquinas-de-coser\/\" target=\"_self\"  class=\"qbutton  default\" style=\"\">EXPLORA LAS M\u00c1QUINAS<\/a>[\/vc_column][\/vc_row][vc_row css_animation=\u00bb\u00bb row_type=\u00bbrow\u00bb use_row_as_full_screen_section=\u00bbno\u00bb type=\u00bbfull_width\u00bb angled_section=\u00bbno\u00bb text_align=\u00bbleft\u00bb background_image_as_pattern=\u00bbwithout_pattern\u00bb][vc_column][vc_column_text]<\/p>\r\n<p>[\/vc_column_text][\/vc_column][\/vc_row]<\/p><\/div>","protected":false},"excerpt":{"rendered":"<p>[vc_row css_animation=\u00bb\u00bb row_type=\u00bbrow\u00bb use_row_as_full_screen_section=\u00bbno\u00bb type=\u00bbgrid\u00bb angled_section=\u00bbno\u00bb text_align=\u00bbleft\u00bb background_image_as_pattern=\u00bbwithout_pattern\u00bb z_index=\u00bb\u00bb padding_bottom=\u00bb25&#8243; css=\u00bb.vc_custom_1737991206568{margin-top: -25px !important;}\u00bb][vc_column][vc_row_inner row_type=\u00bbrow\u00bb type=\u00bbfull_width\u00bb text_align=\u00bbleft\u00bb css_animation=\u00bb\u00bb][vc_column_inner offset=\u00bbvc_hidden-lg vc_hidden-md vc_hidden-sm\u00bb][vc_empty_space height=\u00bb100&#8243;][\/vc_column_inner][\/vc_row_inner][vc_column_text css=\u00bb\u00bb] Art\u00edculos actualmente en tu cesta [\/vc_column_text][vc_separator type=\u00bbsmall\u00bb position=\u00bbleft\u00bb color=\u00bb#C71034&#8243; thickness=\u00bb4&#8243; width=\u00bb50&#8243; up=\u00bb5&#8243; down=\u00bb25&#8243;][vc_column_text css=\u00bb\u00bb] Revisa los art\u00edculos de la cesta y pulsa el&hellip; <a class=\"continue\" href=\"https:\/\/www.teixitsbascompte.com\/es\/cesta\/\">CONTINUAR >><span> Cesta<\/span><\/a><\/p>\n","protected":false},"author":1,"featured_media":0,"parent":0,"menu_order":0,"comment_status":"closed","ping_status":"closed","template":"full_width.php","meta":{"footnotes":""},"class_list":["post-20536","page","type-page","status-publish","hentry"],"_links":{"self":[{"href":"https:\/\/www.teixitsbascompte.com\/es\/wp-json\/wp\/v2\/pages\/20536","targetHints":{"allow":["GET"]}}],"collection":[{"href":"https:\/\/www.teixitsbascompte.com\/es\/wp-json\/wp\/v2\/pages"}],"about":[{"href":"https:\/\/www.teixitsbascompte.com\/es\/wp-json\/wp\/v2\/types\/page"}],"author":[{"embeddable":true,"href":"https:\/\/www.teixitsbascompte.com\/es\/wp-json\/wp\/v2\/users\/1"}],"replies":[{"embeddable":true,"href":"https:\/\/www.teixitsbascompte.com\/es\/wp-json\/wp\/v2\/comments?post=20536"}],"version-history":[{"count":5,"href":"https:\/\/www.teixitsbascompte.com\/es\/wp-json\/wp\/v2\/pages\/20536\/revisions"}],"predecessor-version":[{"id":20580,"href":"https:\/\/www.teixitsbascompte.com\/es\/wp-json\/wp\/v2\/pages\/20536\/revisions\/20580"}],"wp:attachment":[{"href":"https:\/\/www.teixitsbascompte.com\/es\/wp-json\/wp\/v2\/media?parent=20536"}],"curies":[{"name":"wp","href":"https:\/\/api.w.org\/{rel}","templated":true}]}}