{"id":20514,"date":"2025-01-29T09:22:37","date_gmt":"2025-01-29T07:22:37","guid":{"rendered":"https:\/\/www.teixitsbascompte.com\/?page_id=20514"},"modified":"2025-02-07T10:03:53","modified_gmt":"2025-02-07T08:03:53","slug":"gracias-por-tu-compra","status":"publish","type":"page","link":"https:\/\/www.teixitsbascompte.com\/es\/tienda-en-linia\/gracias-por-tu-compra\/","title":{"rendered":"Gracias por tu compra"},"content":{"rendered":"<div class=\"wpb-content-wrapper\"><p>[vc_row css_animation=\u00bb\u00bb row_type=\u00bbrow\u00bb use_row_as_full_screen_section=\u00bbno\u00bb type=\u00bbgrid\u00bb angled_section=\u00bbno\u00bb text_align=\u00bbleft\u00bb background_image_as_pattern=\u00bbwithout_pattern\u00bb z_index=\u00bb\u00bb padding_top=\u00bb75&#8243; padding_bottom=\u00bb75&#8243;][vc_column]<div class=\"custom_font_holder \" style=\"font-family: Cookie; font-style: normal; font-weight: 300; color: #01062A; text-decoration: none; text-align: center; --qode-cf-font-size: 42px; --qode-cf-line-height: 48px; --qode-cf-font-size-1440: 42px; --qode-cf-line-height-1440: 48px; --qode-cf-font-size-1366: 42px; --qode-cf-line-height-1366: 48px; --qode-cf-font-size-1280: 42px; --qode-cf-line-height-1280: 48px; --qode-cf-font-size-1024: 42px; --qode-cf-line-height-1024: 48px; --qode-cf-font-size-768: 42px; --qode-cf-line-height-768: 48px; --qode-cf-font-size-680: 42px; --qode-cf-line-height-680: 48px; --qode-cf-font-size-480: 42px; --qode-cf-line-height-480: 48px;\">Estamos trabajando en tu pedido<\/div>[vc_column_text css=\u00bb\u00bb]<\/p>\n<h2 style=\"text-align: center;\">Gracias por tu compra<\/h2>\n<p>[\/vc_column_text][vc_separator type=\u00bbsmall\u00bb position=\u00bbcenter\u00bb color=\u00bb#C71034&#8243; thickness=\u00bb5&#8243; width=\u00bb50&#8243; up=\u00bb5&#8243;][vc_empty_space height=\u00bb25&#8243;][vc_row_inner row_type=\u00bbrow\u00bb type=\u00bbfull_width\u00bb text_align=\u00bbleft\u00bb css_animation=\u00bb\u00bb][vc_column_inner][vc_column_text css=\u00bb\u00bb]<\/p>\n<p style=\"text-align: center;\">Gracias por tu compra en la tienda online de Tejidos Bascompte.<\/p>\n<p style=\"text-align: center;\">Nuestro equipo se pondr\u00e1 a trabajar para preparar tu pedido y envi\u00e1rtelo lo antes posible.<\/p>\n<p style=\"text-align: center;\">Si tienes cualquier duda, contacta con nosotros.<\/p>\n<p>[\/vc_column_text][\/vc_column_inner][\/vc_row_inner][\/vc_column][\/vc_row][vc_row css_animation=\u00bb\u00bb row_type=\u00bbrow\u00bb use_row_as_full_screen_section=\u00bbno\u00bb type=\u00bbgrid\u00bb angled_section=\u00bbno\u00bb text_align=\u00bbcenter\u00bb background_image_as_pattern=\u00bbwithout_pattern\u00bb css=\u00bb.vc_custom_1738324895754{background-color: #C2E6E4 !important;}\u00bb z_index=\u00bb\u00bb padding_top=\u00bb75&#8243; padding_bottom=\u00bb75&#8243;][vc_column width=\u00bb1\/5&#8243;][vc_single_image image=\u00bb19787&#8243; img_size=\u00bb75&#215;75&#8243; alignment=\u00bbcenter\u00bb onclick=\u00bbcustom_link\u00bb css=\u00bb\u00bb qode_css_animation=\u00bb\u00bb link=\u00bb\/es\/tienda-en-linia\/telas\/\u00bb][vc_empty_space height=\u00bb20&#8243;]<div class=\"custom_font_holder \" style=\"font-family: Cookie; font-style: normal; font-weight: 300; color: #01062A; text-decoration: none; text-align: center; --qode-cf-font-size: 60px; --qode-cf-line-height: 66px; --qode-cf-font-size-1440: 60px; --qode-cf-line-height-1440: 66px; --qode-cf-font-size-1366: 60px; --qode-cf-line-height-1366: 66px; --qode-cf-font-size-1280: 60px; --qode-cf-line-height-1280: 66px; --qode-cf-font-size-1024: 60px; --qode-cf-line-height-1024: 66px; --qode-cf-font-size-768: 60px; --qode-cf-line-height-768: 66px; --qode-cf-font-size-680: 60px; --qode-cf-line-height-680: 66px; --qode-cf-font-size-480: 60px; --qode-cf-line-height-480: 66px;\">Telas<\/div>[vc_separator type=\u00bbsmall\u00bb position=\u00bbcenter\u00bb color=\u00bb#C71034&#8243; thickness=\u00bb4&#8243; width=\u00bb50&#8243; up=\u00bb-10&#8243; down=\u00bb25&#8243;][vc_column_text css=\u00bb\u00bb]Arpillera, banderas, fieltros, laminados, lonetas, Mesh, Mesh 3D, pana, polar, Minky, coralina, ruso, punto camiseta liso, cuadros Vichy, telas de patchwork, Waffel Pique&#8230;[\/vc_column_text][vc_empty_space height=\u00bb25&#8243;]<a  itemprop=\"url\" href=\"\/es\/tienda-en-linia\/telas\/\" target=\"_self\"  class=\"qbutton  default\" style=\"\">EXPLORA LAS TELAS<\/a>[vc_row_inner row_type=\u00bbrow\u00bb type=\u00bbfull_width\u00bb text_align=\u00bbleft\u00bb css_animation=\u00bb\u00bb][vc_column_inner offset=\u00bbvc_hidden-lg vc_hidden-md vc_hidden-sm\u00bb][vc_separator type=\u00bbnormal\u00bb color=\u00bb#01062A\u00bb thickness=\u00bb1&#8243; up=\u00bb40&#8243; down=\u00bb40&#8243;][\/vc_column_inner][\/vc_row_inner][\/vc_column][vc_column width=\u00bb1\/5&#8243;][vc_single_image image=\u00bb19793&#8243; img_size=\u00bb75&#215;75&#8243; alignment=\u00bbcenter\u00bb onclick=\u00bbcustom_link\u00bb css=\u00bb\u00bb qode_css_animation=\u00bb\u00bb link=\u00bb\/es\/tienda-en-linia\/boatas-y-entretelas\/\u00bb][vc_empty_space height=\u00bb20&#8243;]<div class=\"custom_font_holder \" style=\"font-family: Cookie; font-style: normal; font-weight: 300; color: #01062A; text-decoration: none; text-align: center; --qode-cf-font-size: 60px; --qode-cf-line-height: 66px; --qode-cf-font-size-1440: 60px; --qode-cf-line-height-1440: 66px; --qode-cf-font-size-1366: 60px; --qode-cf-line-height-1366: 66px; --qode-cf-font-size-1280: 60px; --qode-cf-line-height-1280: 66px; --qode-cf-font-size-1024: 60px; --qode-cf-line-height-1024: 66px; --qode-cf-font-size-768: 60px; --qode-cf-line-height-768: 66px; --qode-cf-font-size-680: 60px; --qode-cf-line-height-680: 66px; --qode-cf-font-size-480: 60px; --qode-cf-line-height-480: 66px;\">Boatas<\/div>[vc_separator type=\u00bbsmall\u00bb position=\u00bbcenter\u00bb color=\u00bb#C71034&#8243; thickness=\u00bb4&#8243; width=\u00bb50&#8243; up=\u00bb-10&#8243; down=\u00bb25&#8243;][vc_column_text css=\u00bb\u00bb]Boatas de algod\u00f3n y bamb\u00fa, boatas acr\u00edlicas, boatina, Bunfix, Decovil, entretelas, estabilizador, fliselinas, Freeser Paper, Ideas Stiff&amp;Fuse Havy, Isotermo, Soluvlies&#8230;[\/vc_column_text][vc_empty_space height=\u00bb25&#8243;]<a  itemprop=\"url\" href=\"\/es\/tienda-en-linia\/boatas-y-entretelas\/\" target=\"_self\"  class=\"qbutton  default\" style=\"\">EXPLORA LAS BOATAS<\/a>[vc_row_inner row_type=\u00bbrow\u00bb type=\u00bbfull_width\u00bb text_align=\u00bbleft\u00bb css_animation=\u00bb\u00bb][vc_column_inner offset=\u00bbvc_hidden-lg vc_hidden-md vc_hidden-sm\u00bb][vc_separator type=\u00bbnormal\u00bb color=\u00bb#01062A\u00bb thickness=\u00bb1&#8243; up=\u00bb40&#8243; down=\u00bb40&#8243;][\/vc_column_inner][\/vc_row_inner][\/vc_column][vc_column width=\u00bb1\/5&#8243;][vc_single_image image=\u00bb19813&#8243; img_size=\u00bb75&#215;75&#8243; alignment=\u00bbcenter\u00bb onclick=\u00bbcustom_link\u00bb css=\u00bb\u00bb qode_css_animation=\u00bb\u00bb link=\u00bb\/es\/tienda-en-linia\/kits\/\u00bb][vc_empty_space height=\u00bb20&#8243;]<div class=\"custom_font_holder \" style=\"font-family: Cookie; font-style: normal; font-weight: 300; color: #01062A; text-decoration: none; text-align: center; --qode-cf-font-size: 60px; --qode-cf-line-height: 66px; --qode-cf-font-size-1440: 60px; --qode-cf-line-height-1440: 66px; --qode-cf-font-size-1366: 60px; --qode-cf-line-height-1366: 66px; --qode-cf-font-size-1280: 60px; --qode-cf-line-height-1280: 66px; --qode-cf-font-size-1024: 60px; --qode-cf-line-height-1024: 66px; --qode-cf-font-size-768: 60px; --qode-cf-line-height-768: 66px; --qode-cf-font-size-680: 60px; --qode-cf-line-height-680: 66px; --qode-cf-font-size-480: 60px; --qode-cf-line-height-480: 66px;\">Kits<\/div>[vc_separator type=\u00bbsmall\u00bb position=\u00bbcenter\u00bb color=\u00bb#C71034&#8243; thickness=\u00bb4&#8243; width=\u00bb50&#8243; up=\u00bb-10&#8243; down=\u00bb25&#8243;][vc_column_text css=\u00bb\u00bb]Bolsas de viaje, bandoleras, mochilas, monederos, fundas para el m\u00f3vil, caseta tipo, coronas de cumplea\u00f1os, neceseres para medicamentos, neceseres de viaje&#8230;[\/vc_column_text][vc_empty_space height=\u00bb25&#8243;]<a  itemprop=\"url\" href=\"\/es\/tienda-en-linia\/kits\/\" target=\"_self\"  class=\"qbutton  default\" style=\"\">EXPLORA LOS KITS<\/a>[vc_row_inner row_type=\u00bbrow\u00bb type=\u00bbfull_width\u00bb text_align=\u00bbleft\u00bb css_animation=\u00bb\u00bb][vc_column_inner offset=\u00bbvc_hidden-lg vc_hidden-md vc_hidden-sm\u00bb][vc_separator type=\u00bbnormal\u00bb color=\u00bb#01062A\u00bb thickness=\u00bb1&#8243; up=\u00bb40&#8243; down=\u00bb40&#8243;][\/vc_column_inner][\/vc_row_inner][\/vc_column][vc_column width=\u00bb1\/5&#8243;][vc_single_image image=\u00bb19817&#8243; img_size=\u00bb75&#215;75&#8243; alignment=\u00bbcenter\u00bb onclick=\u00bbcustom_link\u00bb css=\u00bb\u00bb qode_css_animation=\u00bb\u00bb link=\u00bb\/es\/tienda-en-linia\/meceria\/\u00bb][vc_empty_space height=\u00bb20&#8243;]<div class=\"custom_font_holder \" style=\"font-family: Cookie; font-style: normal; font-weight: 300; color: #01062A; text-decoration: none; text-align: center; --qode-cf-font-size: 60px; --qode-cf-line-height: 66px; --qode-cf-font-size-1440: 60px; --qode-cf-line-height-1440: 66px; --qode-cf-font-size-1366: 60px; --qode-cf-line-height-1366: 66px; --qode-cf-font-size-1280: 60px; --qode-cf-line-height-1280: 66px; --qode-cf-font-size-1024: 60px; --qode-cf-line-height-1024: 66px; --qode-cf-font-size-768: 60px; --qode-cf-line-height-768: 66px; --qode-cf-font-size-680: 60px; --qode-cf-line-height-680: 66px; --qode-cf-font-size-480: 60px; --qode-cf-line-height-480: 66px;\">Mercer\u00eda<\/div>[vc_separator type=\u00bbsmall\u00bb position=\u00bbcenter\u00bb color=\u00bb#C71034&#8243; thickness=\u00bb4&#8243; width=\u00bb50&#8243; up=\u00bb-10&#8243; down=\u00bb25&#8243;][vc_column_text css=\u00bb\u00bb]Accesorios, bies, cintas de algod\u00f3n, cord\u00f3n, cremalleras de malla, hilos, gomas, piezas de metal y de pl\u00e1stico para bolsas, snaps, velcro, agujas, tijeras, marcadores&#8230;[\/vc_column_text][vc_empty_space height=\u00bb25&#8243;]<a  itemprop=\"url\" href=\"\/es\/tienda-en-linia\/meceria\/\" target=\"_self\"  class=\"qbutton  default\" style=\"\">EXPLORA LA MERCERIA<\/a>[vc_row_inner row_type=\u00bbrow\u00bb type=\u00bbfull_width\u00bb text_align=\u00bbleft\u00bb css_animation=\u00bb\u00bb][vc_column_inner offset=\u00bbvc_hidden-lg vc_hidden-md vc_hidden-sm\u00bb][vc_separator type=\u00bbnormal\u00bb color=\u00bb#01062A\u00bb thickness=\u00bb1&#8243; up=\u00bb40&#8243; down=\u00bb40&#8243;][\/vc_column_inner][\/vc_row_inner][\/vc_column][vc_column width=\u00bb1\/5&#8243;][vc_single_image image=\u00bb19820&#8243; img_size=\u00bb75&#215;75&#8243; alignment=\u00bbcenter\u00bb onclick=\u00bbcustom_link\u00bb css=\u00bb\u00bb qode_css_animation=\u00bb\u00bb link=\u00bb\/es\/tienda-en-linia\/maquinas-de-coser\/\u00bb][vc_empty_space height=\u00bb20&#8243;]<div class=\"custom_font_holder \" style=\"font-family: Cookie; font-style: normal; font-weight: 300; color: #01062A; text-decoration: none; text-align: center; --qode-cf-font-size: 60px; --qode-cf-line-height: 66px; --qode-cf-font-size-1440: 60px; --qode-cf-line-height-1440: 66px; --qode-cf-font-size-1366: 60px; --qode-cf-line-height-1366: 66px; --qode-cf-font-size-1280: 60px; --qode-cf-line-height-1280: 66px; --qode-cf-font-size-1024: 60px; --qode-cf-line-height-1024: 66px; --qode-cf-font-size-768: 60px; --qode-cf-line-height-768: 66px; --qode-cf-font-size-680: 60px; --qode-cf-line-height-680: 66px; --qode-cf-font-size-480: 60px; --qode-cf-line-height-480: 66px;\">M\u00e1quinas<\/div>[vc_separator type=\u00bbsmall\u00bb position=\u00bbcenter\u00bb color=\u00bb#C71034&#8243; thickness=\u00bb4&#8243; width=\u00bb50&#8243; up=\u00bb-10&#8243; down=\u00bb25&#8243;][vc_column_text css=\u00bb\u00bb]M\u00e1quinas de coser, overlocks y recubridoras de diferentes marcas, modelos y precios para todos los bolsillos y niveles de experiencia: Brother, Elna, Kuki, Necchy&#8230;[\/vc_column_text][vc_empty_space height=\u00bb25&#8243;]<a  itemprop=\"url\" href=\"\/es\/tienda-en-linia\/maquinas-de-coser\/\" target=\"_self\"  class=\"qbutton  default\" style=\"\">EXPLORA LAS M\u00c1QUINAS<\/a>[\/vc_column][\/vc_row]<\/p>\n<\/div>","protected":false},"excerpt":{"rendered":"<p>[vc_row css_animation=\u00bb\u00bb row_type=\u00bbrow\u00bb use_row_as_full_screen_section=\u00bbno\u00bb type=\u00bbgrid\u00bb angled_section=\u00bbno\u00bb text_align=\u00bbleft\u00bb background_image_as_pattern=\u00bbwithout_pattern\u00bb z_index=\u00bb\u00bb padding_top=\u00bb75&#8243; padding_bottom=\u00bb75&#8243;][vc_column][vc_column_text css=\u00bb\u00bb] Gracias por tu compra [\/vc_column_text][vc_separator type=\u00bbsmall\u00bb position=\u00bbcenter\u00bb color=\u00bb#C71034&#8243; thickness=\u00bb5&#8243; width=\u00bb50&#8243; up=\u00bb5&#8243;][vc_empty_space height=\u00bb25&#8243;][vc_row_inner row_type=\u00bbrow\u00bb type=\u00bbfull_width\u00bb text_align=\u00bbleft\u00bb css_animation=\u00bb\u00bb][vc_column_inner][vc_column_text css=\u00bb\u00bb] Gracias por tu compra en la tienda online de Tejidos Bascompte. Nuestro equipo se pondr\u00e1 a&hellip; <a class=\"continue\" href=\"https:\/\/www.teixitsbascompte.com\/es\/tienda-en-linia\/gracias-por-tu-compra\/\">CONTINUAR >><span> Gracias por tu compra<\/span><\/a><\/p>\n","protected":false},"author":1,"featured_media":0,"parent":20503,"menu_order":0,"comment_status":"closed","ping_status":"closed","template":"full_width.php","meta":{"footnotes":""},"class_list":["post-20514","page","type-page","status-publish","hentry"],"_links":{"self":[{"href":"https:\/\/www.teixitsbascompte.com\/es\/wp-json\/wp\/v2\/pages\/20514","targetHints":{"allow":["GET"]}}],"collection":[{"href":"https:\/\/www.teixitsbascompte.com\/es\/wp-json\/wp\/v2\/pages"}],"about":[{"href":"https:\/\/www.teixitsbascompte.com\/es\/wp-json\/wp\/v2\/types\/page"}],"author":[{"embeddable":true,"href":"https:\/\/www.teixitsbascompte.com\/es\/wp-json\/wp\/v2\/users\/1"}],"replies":[{"embeddable":true,"href":"https:\/\/www.teixitsbascompte.com\/es\/wp-json\/wp\/v2\/comments?post=20514"}],"version-history":[{"count":4,"href":"https:\/\/www.teixitsbascompte.com\/es\/wp-json\/wp\/v2\/pages\/20514\/revisions"}],"predecessor-version":[{"id":20592,"href":"https:\/\/www.teixitsbascompte.com\/es\/wp-json\/wp\/v2\/pages\/20514\/revisions\/20592"}],"up":[{"embeddable":true,"href":"https:\/\/www.teixitsbascompte.com\/es\/wp-json\/wp\/v2\/pages\/20503"}],"wp:attachment":[{"href":"https:\/\/www.teixitsbascompte.com\/es\/wp-json\/wp\/v2\/media?parent=20514"}],"curies":[{"name":"wp","href":"https:\/\/api.w.org\/{rel}","templated":true}]}}