{"id":20496,"date":"2024-12-24T12:07:06","date_gmt":"2024-12-24T10:07:06","guid":{"rendered":"https:\/\/www.teixitsbascompte.com\/?page_id=20496"},"modified":"2025-02-07T10:00:48","modified_gmt":"2025-02-07T08:00:48","slug":"tienda","status":"publish","type":"page","link":"https:\/\/www.teixitsbascompte.com\/es\/tienda\/","title":{"rendered":"Tienda"},"content":{"rendered":"<div class=\"wpb-content-wrapper\"><p>[vc_row css_animation=\u00bb\u00bb row_type=\u00bbrow\u00bb use_row_as_full_screen_section=\u00bbno\u00bb type=\u00bbgrid\u00bb angled_section=\u00bbno\u00bb text_align=\u00bbleft\u00bb background_image_as_pattern=\u00bbwithout_pattern\u00bb z_index=\u00bb\u00bb][vc_column][vc_row_inner row_type=\u00bbrow\u00bb type=\u00bbfull_width\u00bb text_align=\u00bbleft\u00bb css_animation=\u00bb\u00bb][vc_column_inner offset=\u00bbvc_hidden-lg vc_hidden-md vc_hidden-sm\u00bb][vc_empty_space height=\u00bb150&#8243;][\/vc_column_inner][\/vc_row_inner]<div class=\"custom_font_holder \" style=\"font-family: Cookie; font-style: normal; font-weight: 300; color: #01062A; text-decoration: none; text-align: left; --qode-cf-font-size: 30px; --qode-cf-line-height: 30px; --qode-cf-font-size-1440: 30px; --qode-cf-line-height-1440: 30px; --qode-cf-font-size-1366: 30px; --qode-cf-line-height-1366: 30px; --qode-cf-font-size-1280: 30px; --qode-cf-line-height-1280: 30px; --qode-cf-font-size-1024: 30px; --qode-cf-line-height-1024: 30px; --qode-cf-font-size-768: 30px; --qode-cf-line-height-768: 30px; --qode-cf-font-size-680: 30px; --qode-cf-line-height-680: 30px; --qode-cf-font-size-480: 30px; --qode-cf-line-height-480: 30px;\">Telas, boatas, kits, mercer\u00eda y m\u00e1quinas de coser<\/div>[vc_separator type=\u00bbsmall\u00bb position=\u00bbleft\u00bb color=\u00bb#C71034&#8243; thickness=\u00bb5&#8243; width=\u00bb50&#8243; up=\u00bb5&#8243;][vc_column_text css=\u00bb\u00bb]<\/p>\n<h2>Todo lo que necesitas para llevar a cabo tus proyectos<\/h2>\n<p>[\/vc_column_text][vc_empty_space height=\u00bb25&#8243;][vc_row_inner row_type=\u00bbrow\u00bb type=\u00bbfull_width\u00bb text_align=\u00bbleft\u00bb css_animation=\u00bb\u00bb][vc_column_inner width=\u00bb1\/2&#8243; offset=\u00bbvc_hidden-xs\u00bb][vc_column_text css=\u00bb\u00bb]<strong>Tejidos Bascompte<\/strong> lleva su experiencia de m\u00e1s de 60 a\u00f1os en el mundo online, ofreciendo una tienda digital llena de materiales para costura, patchwork y confecci\u00f3n. Con una amplia selecci\u00f3n de telas, kits creativos y accesorios, puedes encontrar todo lo que necesitas desde la comodidad de tu casa.[\/vc_column_text][\/vc_column_inner][vc_column_inner width=\u00bb1\/2&#8243; offset=\u00bbvc_hidden-xs\u00bb][vc_column_text css=\u00bb\u00bb]A trav\u00e9s de su tienda online, Teixits Bascompte facilita el acceso a productos de calidad, con descripciones detalladas y env\u00edos r\u00e1pidos. Tanto si eres un profesional como un aficionado, podr\u00e1s contar con el asesoramiento y atenci\u00f3n personalizada que caracterizan esta tienda familiar.[\/vc_column_text][\/vc_column_inner][\/vc_row_inner][\/vc_column][\/vc_row][vc_row css_animation=\u00bb\u00bb row_type=\u00bbrow\u00bb use_row_as_full_screen_section=\u00bbno\u00bb type=\u00bbgrid\u00bb angled_section=\u00bbno\u00bb text_align=\u00bbcenter\u00bb background_image_as_pattern=\u00bbwithout_pattern\u00bb css=\u00bb.vc_custom_1738324704448{background-color: #FFFFFF !important;}\u00bb z_index=\u00bb\u00bb padding_top=\u00bb50&#8243; padding_bottom=\u00bb75&#8243;][vc_column width=\u00bb1\/5&#8243;][vc_single_image image=\u00bb19787&#8243; img_size=\u00bb75&#215;75&#8243; alignment=\u00bbcenter\u00bb onclick=\u00bbcustom_link\u00bb css=\u00bb\u00bb qode_css_animation=\u00bb\u00bb link=\u00bb\/es\/tienda-en-linia\/telas\/\u00bb][vc_empty_space height=\u00bb20&#8243;]<div class=\"custom_font_holder \" style=\"font-family: Cookie; font-style: normal; font-weight: 300; color: #01062A; text-decoration: none; text-align: center; --qode-cf-font-size: 60px; --qode-cf-line-height: 66px; --qode-cf-font-size-1440: 60px; --qode-cf-line-height-1440: 66px; --qode-cf-font-size-1366: 60px; --qode-cf-line-height-1366: 66px; --qode-cf-font-size-1280: 60px; --qode-cf-line-height-1280: 66px; --qode-cf-font-size-1024: 60px; --qode-cf-line-height-1024: 66px; --qode-cf-font-size-768: 60px; --qode-cf-line-height-768: 66px; --qode-cf-font-size-680: 60px; --qode-cf-line-height-680: 66px; --qode-cf-font-size-480: 60px; --qode-cf-line-height-480: 66px;\">Telas<\/div>[vc_separator type=\u00bbsmall\u00bb position=\u00bbcenter\u00bb color=\u00bb#C71034&#8243; thickness=\u00bb4&#8243; width=\u00bb50&#8243; up=\u00bb-10&#8243; down=\u00bb25&#8243;][vc_single_image image=\u00bb20175&#8243; img_size=\u00bb200&#215;200&#8243; alignment=\u00bbcenter\u00bb onclick=\u00bbcustom_link\u00bb css=\u00bb\u00bb qode_css_animation=\u00bb\u00bb link=\u00bb\/es\/tienda-en-linia\/telas\/\u00bb][vc_empty_space height=\u00bb25&#8243;][vc_column_text css=\u00bb\u00bb]Arpillera, banderas, fieltros, laminados, lonetas, Mesh, Mesh 3D, pana, polar, Minky, coralina, ruso, punto camiseta liso, cuadros Vichy, telas de patchwork, Waffel Pique&#8230;[\/vc_column_text][vc_empty_space height=\u00bb25&#8243;]<a  itemprop=\"url\" href=\"\/es\/tienda-en-linia\/telas\/\" target=\"_self\"  class=\"qbutton  default\" style=\"\">EXPLORA LES TELES<\/a>[vc_row_inner row_type=\u00bbrow\u00bb type=\u00bbfull_width\u00bb text_align=\u00bbleft\u00bb css_animation=\u00bb\u00bb][vc_column_inner offset=\u00bbvc_hidden-lg vc_hidden-md vc_hidden-sm\u00bb][vc_separator type=\u00bbnormal\u00bb color=\u00bb#01062A\u00bb thickness=\u00bb1&#8243; up=\u00bb40&#8243; down=\u00bb40&#8243;][\/vc_column_inner][\/vc_row_inner][\/vc_column][vc_column width=\u00bb1\/5&#8243;][vc_single_image image=\u00bb19793&#8243; img_size=\u00bb75&#215;75&#8243; alignment=\u00bbcenter\u00bb onclick=\u00bbcustom_link\u00bb css=\u00bb\u00bb qode_css_animation=\u00bb\u00bb link=\u00bb\/es\/tienda-en-linia\/boatas-y-entretelas\/\u00bb][vc_empty_space height=\u00bb20&#8243;]<div class=\"custom_font_holder \" style=\"font-family: Cookie; font-style: normal; font-weight: 300; color: #01062A; text-decoration: none; text-align: center; --qode-cf-font-size: 60px; --qode-cf-line-height: 66px; --qode-cf-font-size-1440: 60px; --qode-cf-line-height-1440: 66px; --qode-cf-font-size-1366: 60px; --qode-cf-line-height-1366: 66px; --qode-cf-font-size-1280: 60px; --qode-cf-line-height-1280: 66px; --qode-cf-font-size-1024: 60px; --qode-cf-line-height-1024: 66px; --qode-cf-font-size-768: 60px; --qode-cf-line-height-768: 66px; --qode-cf-font-size-680: 60px; --qode-cf-line-height-680: 66px; --qode-cf-font-size-480: 60px; --qode-cf-line-height-480: 66px;\">Boatas<\/div>[vc_separator type=\u00bbsmall\u00bb position=\u00bbcenter\u00bb color=\u00bb#C71034&#8243; thickness=\u00bb4&#8243; width=\u00bb50&#8243; up=\u00bb-10&#8243; down=\u00bb25&#8243;][vc_single_image image=\u00bb20138&#8243; img_size=\u00bb200&#215;200&#8243; alignment=\u00bbcenter\u00bb onclick=\u00bbcustom_link\u00bb css=\u00bb\u00bb qode_css_animation=\u00bb\u00bb link=\u00bb\/es\/tienda-en-linia\/boatas-y-entretelas\/\u00bb][vc_empty_space height=\u00bb25&#8243;][vc_column_text css=\u00bb\u00bb]Boatas de algod\u00f3n y bamb\u00fa, boatas acr\u00edlicas, boatina, Bunfix, Decovil, entretelas, estabilizador, fliselinas, Freeser Paper, Ideas Stiff&amp;Fuse Havy, Isotermo, Soluvlies&#8230;[\/vc_column_text][vc_empty_space height=\u00bb25&#8243;]<a  itemprop=\"url\" href=\"\/es\/tienda-en-linia\/boatas-y-entretelas\/\" target=\"_self\"  class=\"qbutton  default\" style=\"\">EXPLORA LAS BOATES<\/a>[vc_row_inner row_type=\u00bbrow\u00bb type=\u00bbfull_width\u00bb text_align=\u00bbleft\u00bb css_animation=\u00bb\u00bb][vc_column_inner offset=\u00bbvc_hidden-lg vc_hidden-md vc_hidden-sm\u00bb][vc_separator type=\u00bbnormal\u00bb color=\u00bb#01062A\u00bb thickness=\u00bb1&#8243; up=\u00bb40&#8243; down=\u00bb40&#8243;][\/vc_column_inner][\/vc_row_inner][\/vc_column][vc_column width=\u00bb1\/5&#8243;][vc_single_image image=\u00bb19813&#8243; img_size=\u00bb75&#215;75&#8243; alignment=\u00bbcenter\u00bb onclick=\u00bbcustom_link\u00bb css=\u00bb\u00bb qode_css_animation=\u00bb\u00bb link=\u00bb\/es\/tienda-en-linia\/kits\/\u00bb][vc_empty_space height=\u00bb20&#8243;]<div class=\"custom_font_holder \" style=\"font-family: Cookie; font-style: normal; font-weight: 300; color: #01062A; text-decoration: none; text-align: center; --qode-cf-font-size: 60px; --qode-cf-line-height: 66px; --qode-cf-font-size-1440: 60px; --qode-cf-line-height-1440: 66px; --qode-cf-font-size-1366: 60px; --qode-cf-line-height-1366: 66px; --qode-cf-font-size-1280: 60px; --qode-cf-line-height-1280: 66px; --qode-cf-font-size-1024: 60px; --qode-cf-line-height-1024: 66px; --qode-cf-font-size-768: 60px; --qode-cf-line-height-768: 66px; --qode-cf-font-size-680: 60px; --qode-cf-line-height-680: 66px; --qode-cf-font-size-480: 60px; --qode-cf-line-height-480: 66px;\">Kits<\/div>[vc_separator type=\u00bbsmall\u00bb position=\u00bbcenter\u00bb color=\u00bb#C71034&#8243; thickness=\u00bb4&#8243; width=\u00bb50&#8243; up=\u00bb-10&#8243; down=\u00bb25&#8243;][vc_single_image image=\u00bb20149&#8243; img_size=\u00bb200&#215;200&#8243; alignment=\u00bbcenter\u00bb onclick=\u00bbcustom_link\u00bb css=\u00bb\u00bb qode_css_animation=\u00bb\u00bb link=\u00bb\/es\/tienda-en-linia\/kits\/\u00bb][vc_empty_space height=\u00bb25&#8243;][vc_column_text css=\u00bb\u00bb]Bolsas de viaje, bandoleras, mochilas, monederos, fundas para el m\u00f3vil, caseta tipo, coronas de cumplea\u00f1os, neceseres para medicamentos, neceseres de viaje&#8230;[\/vc_column_text][vc_empty_space height=\u00bb25&#8243;]<a  itemprop=\"url\" href=\"\/es\/tienda-en-linia\/kits\/\" target=\"_self\"  class=\"qbutton  default\" style=\"\">EXPLORA LOS KITS<\/a>[vc_row_inner row_type=\u00bbrow\u00bb type=\u00bbfull_width\u00bb text_align=\u00bbleft\u00bb css_animation=\u00bb\u00bb][vc_column_inner offset=\u00bbvc_hidden-lg vc_hidden-md vc_hidden-sm\u00bb][vc_separator type=\u00bbnormal\u00bb color=\u00bb#01062A\u00bb thickness=\u00bb1&#8243; up=\u00bb40&#8243; down=\u00bb40&#8243;][\/vc_column_inner][\/vc_row_inner][\/vc_column][vc_column width=\u00bb1\/5&#8243;][vc_single_image image=\u00bb19817&#8243; img_size=\u00bb75&#215;75&#8243; alignment=\u00bbcenter\u00bb onclick=\u00bbcustom_link\u00bb css=\u00bb\u00bb qode_css_animation=\u00bb\u00bb link=\u00bb\/es\/tienda-en-linia\/meceria\/\u00bb][vc_empty_space height=\u00bb20&#8243;]<div class=\"custom_font_holder \" style=\"font-family: Cookie; font-style: normal; font-weight: 300; color: #01062A; text-decoration: none; text-align: center; --qode-cf-font-size: 60px; --qode-cf-line-height: 66px; --qode-cf-font-size-1440: 60px; --qode-cf-line-height-1440: 66px; --qode-cf-font-size-1366: 60px; --qode-cf-line-height-1366: 66px; --qode-cf-font-size-1280: 60px; --qode-cf-line-height-1280: 66px; --qode-cf-font-size-1024: 60px; --qode-cf-line-height-1024: 66px; --qode-cf-font-size-768: 60px; --qode-cf-line-height-768: 66px; --qode-cf-font-size-680: 60px; --qode-cf-line-height-680: 66px; --qode-cf-font-size-480: 60px; --qode-cf-line-height-480: 66px;\">Mercer\u00eda<\/div>[vc_separator type=\u00bbsmall\u00bb position=\u00bbcenter\u00bb color=\u00bb#C71034&#8243; thickness=\u00bb4&#8243; width=\u00bb50&#8243; up=\u00bb-10&#8243; down=\u00bb25&#8243;][vc_single_image image=\u00bb20085&#8243; img_size=\u00bb200&#215;200&#8243; alignment=\u00bbcenter\u00bb onclick=\u00bbcustom_link\u00bb css=\u00bb\u00bb qode_css_animation=\u00bb\u00bb link=\u00bb\/es\/tienda-en-linia\/meceria\/\u00bb][vc_empty_space height=\u00bb25&#8243;][vc_column_text css=\u00bb\u00bb]Accesorios, bies, cintas de algod\u00f3n, cord\u00f3n, cremalleras de malla, hilos, gomas, piezas de metal y de pl\u00e1stico para bolsas, snaps, velcro, agujas, tijeras, marcadores&#8230;[\/vc_column_text][vc_empty_space height=\u00bb25&#8243;]<a  itemprop=\"url\" href=\"\/es\/tienda-en-linia\/meceria\/\" target=\"_self\"  class=\"qbutton  default\" style=\"\">EXPLORA LA MERCERIA<\/a>[vc_row_inner row_type=\u00bbrow\u00bb type=\u00bbfull_width\u00bb text_align=\u00bbleft\u00bb css_animation=\u00bb\u00bb][vc_column_inner offset=\u00bbvc_hidden-lg vc_hidden-md vc_hidden-sm\u00bb][vc_separator type=\u00bbnormal\u00bb color=\u00bb#01062A\u00bb thickness=\u00bb1&#8243; up=\u00bb40&#8243; down=\u00bb40&#8243;][\/vc_column_inner][\/vc_row_inner][\/vc_column][vc_column width=\u00bb1\/5&#8243;][vc_single_image image=\u00bb19820&#8243; img_size=\u00bb75&#215;75&#8243; alignment=\u00bbcenter\u00bb onclick=\u00bbcustom_link\u00bb css=\u00bb\u00bb qode_css_animation=\u00bb\u00bb link=\u00bb\/es\/tienda-en-linia\/maquinas-de-coser\/\u00bb][vc_empty_space height=\u00bb20&#8243;]<div class=\"custom_font_holder \" style=\"font-family: Cookie; font-style: normal; font-weight: 300; color: #01062A; text-decoration: none; text-align: center; --qode-cf-font-size: 60px; --qode-cf-line-height: 66px; --qode-cf-font-size-1440: 60px; --qode-cf-line-height-1440: 66px; --qode-cf-font-size-1366: 60px; --qode-cf-line-height-1366: 66px; --qode-cf-font-size-1280: 60px; --qode-cf-line-height-1280: 66px; --qode-cf-font-size-1024: 60px; --qode-cf-line-height-1024: 66px; --qode-cf-font-size-768: 60px; --qode-cf-line-height-768: 66px; --qode-cf-font-size-680: 60px; --qode-cf-line-height-680: 66px; --qode-cf-font-size-480: 60px; --qode-cf-line-height-480: 66px;\">M\u00e1quinas<\/div>[vc_separator type=\u00bbsmall\u00bb position=\u00bbcenter\u00bb color=\u00bb#C71034&#8243; thickness=\u00bb4&#8243; width=\u00bb50&#8243; up=\u00bb-10&#8243; down=\u00bb25&#8243;][vc_single_image image=\u00bb20140&#8243; img_size=\u00bb200&#215;200&#8243; alignment=\u00bbcenter\u00bb onclick=\u00bbcustom_link\u00bb css=\u00bb\u00bb qode_css_animation=\u00bb\u00bb link=\u00bb\/es\/tienda-en-linia\/maquinas-de-coser\/\u00bb][vc_empty_space height=\u00bb25&#8243;][vc_column_text css=\u00bb\u00bb]M\u00e1quinas de coser, overlocks y recubridoras de diferentes marcas, modelos y precios para todos los bolsillos y niveles de experiencia: Brother, Elna, Kuki, Necchy&#8230;[\/vc_column_text][vc_empty_space height=\u00bb25&#8243;]<a  itemprop=\"url\" href=\"\/es\/tienda-en-linia\/maquinas-de-coser\/\" target=\"_self\"  class=\"qbutton  default\" style=\"\">EXPLORA LAS M\u00c1QUINAS<\/a>[\/vc_column][\/vc_row][vc_row css_animation=\u00bb\u00bb row_type=\u00bbrow\u00bb use_row_as_full_screen_section=\u00bbno\u00bb type=\u00bbgrid\u00bb angled_section=\u00bbno\u00bb text_align=\u00bbleft\u00bb background_image_as_pattern=\u00bbwithout_pattern\u00bb css=\u00bb.vc_custom_1737024798442{background-color: #01062A !important;}\u00bb z_index=\u00bb\u00bb padding_top=\u00bb20&#8243; padding_bottom=\u00bb20&#8243;][vc_column][vc_column_text css=\u00bb\u00bb]<\/p>\n<p style=\"text-align: center;\"><span style=\"color: #ffffff;\"><strong><img loading=\"lazy\" decoding=\"async\" class=\"alignnone size-full wp-image-19835\" src=\"https:\/\/webnova.teixitsbascompte.com\/wp-content\/uploads\/2025\/01\/teixits-bascompte-icones-maniquis-2.png\" alt=\"\" width=\"50\" height=\"30\" \/>\u00a0Enviament gratu\u00eft a partir de 120\u20ac de comanda a Catalunya i a l&#8217;Espanya peninsular.<\/strong><\/span><\/p>\n<p>[\/vc_column_text][\/vc_column][\/vc_row]<\/p>\n<\/div>","protected":false},"excerpt":{"rendered":"<p>[vc_row css_animation=\u00bb\u00bb row_type=\u00bbrow\u00bb use_row_as_full_screen_section=\u00bbno\u00bb type=\u00bbgrid\u00bb angled_section=\u00bbno\u00bb text_align=\u00bbleft\u00bb background_image_as_pattern=\u00bbwithout_pattern\u00bb z_index=\u00bb\u00bb][vc_column][vc_row_inner row_type=\u00bbrow\u00bb type=\u00bbfull_width\u00bb text_align=\u00bbleft\u00bb css_animation=\u00bb\u00bb][vc_column_inner offset=\u00bbvc_hidden-lg vc_hidden-md vc_hidden-sm\u00bb][vc_empty_space height=\u00bb150&#8243;][\/vc_column_inner][\/vc_row_inner][vc_separator type=\u00bbsmall\u00bb position=\u00bbleft\u00bb color=\u00bb#C71034&#8243; thickness=\u00bb5&#8243; width=\u00bb50&#8243; up=\u00bb5&#8243;][vc_column_text css=\u00bb\u00bb] Todo lo que necesitas para llevar a cabo tus proyectos [\/vc_column_text][vc_empty_space height=\u00bb25&#8243;][vc_row_inner row_type=\u00bbrow\u00bb type=\u00bbfull_width\u00bb text_align=\u00bbleft\u00bb css_animation=\u00bb\u00bb][vc_column_inner width=\u00bb1\/2&#8243; offset=\u00bbvc_hidden-xs\u00bb][vc_column_text css=\u00bb\u00bb]Tejidos Bascompte lleva&hellip; <a class=\"continue\" href=\"https:\/\/www.teixitsbascompte.com\/es\/tienda\/\">CONTINUAR >><span> Tienda<\/span><\/a><\/p>\n","protected":false},"author":1,"featured_media":0,"parent":0,"menu_order":0,"comment_status":"closed","ping_status":"closed","template":"full_width.php","meta":{"footnotes":""},"class_list":["post-20496","page","type-page","status-publish","hentry"],"_links":{"self":[{"href":"https:\/\/www.teixitsbascompte.com\/es\/wp-json\/wp\/v2\/pages\/20496","targetHints":{"allow":["GET"]}}],"collection":[{"href":"https:\/\/www.teixitsbascompte.com\/es\/wp-json\/wp\/v2\/pages"}],"about":[{"href":"https:\/\/www.teixitsbascompte.com\/es\/wp-json\/wp\/v2\/types\/page"}],"author":[{"embeddable":true,"href":"https:\/\/www.teixitsbascompte.com\/es\/wp-json\/wp\/v2\/users\/1"}],"replies":[{"embeddable":true,"href":"https:\/\/www.teixitsbascompte.com\/es\/wp-json\/wp\/v2\/comments?post=20496"}],"version-history":[{"count":6,"href":"https:\/\/www.teixitsbascompte.com\/es\/wp-json\/wp\/v2\/pages\/20496\/revisions"}],"predecessor-version":[{"id":20597,"href":"https:\/\/www.teixitsbascompte.com\/es\/wp-json\/wp\/v2\/pages\/20496\/revisions\/20597"}],"wp:attachment":[{"href":"https:\/\/www.teixitsbascompte.com\/es\/wp-json\/wp\/v2\/media?parent=20496"}],"curies":[{"name":"wp","href":"https:\/\/api.w.org\/{rel}","templated":true}]}}